{"id":3115,"date":"2024-08-29T21:41:16","date_gmt":"2024-08-30T02:41:16","guid":{"rendered":"http:\/\/192.168.24.16\/?page_id=3115"},"modified":"2024-08-29T21:46:44","modified_gmt":"2024-08-30T02:46:44","slug":"noticias-2","status":"publish","type":"page","link":"https:\/\/emaseo.quito.gob.ec\/?page_id=3115","title":{"rendered":"Noticias"},"content":{"rendered":"\t\t<div data-elementor-type=\"wp-page\" data-elementor-id=\"3115\" class=\"elementor elementor-3115\" data-elementor-post-type=\"page\">\n\t\t\t\t<div class=\"elementor-element elementor-element-635531e e-flex e-con-boxed e-con e-parent\" data-id=\"635531e\" data-element_type=\"container\">\n\t\t\t\t\t<div class=\"e-con-inner\">\n\t\t\t\t<div class=\"elementor-element elementor-element-e10e28d elementor-grid-3 elementor-grid-tablet-2 elementor-grid-mobile-1 elementor-posts--thumbnail-top elementor-widget elementor-widget-posts\" data-id=\"e10e28d\" data-element_type=\"widget\" data-settings=\"{&quot;classic_columns&quot;:&quot;3&quot;,&quot;classic_columns_tablet&quot;:&quot;2&quot;,&quot;classic_columns_mobile&quot;:&quot;1&quot;,&quot;classic_row_gap&quot;:{&quot;unit&quot;:&quot;px&quot;,&quot;size&quot;:35,&quot;sizes&quot;:[]},&quot;classic_row_gap_tablet&quot;:{&quot;unit&quot;:&quot;px&quot;,&quot;size&quot;:&quot;&quot;,&quot;sizes&quot;:[]},&quot;classic_row_gap_mobile&quot;:{&quot;unit&quot;:&quot;px&quot;,&quot;size&quot;:&quot;&quot;,&quot;sizes&quot;:[]}}\" data-widget_type=\"posts.classic\">\n\t\t\t\t<div class=\"elementor-widget-container\">\n\t\t\t<link rel=\"stylesheet\" href=\"https:\/\/emaseo.quito.gob.ec\/wp-content\/plugins\/pro-elements\/assets\/css\/widget-posts.min.css?ver=1723603091\">\t\t<div class=\"elementor-posts-container elementor-posts elementor-posts--skin-classic elementor-grid\">\n\t\t\t\t<article class=\"elementor-post elementor-grid-item post-3374 post type-post status-publish format-standard has-post-thumbnail hentry category-sin-categoria\">\n\t\t\t\t<a class=\"elementor-post__thumbnail__link\" href=\"https:\/\/emaseo.quito.gob.ec\/?p=3374\" tabindex=\"-1\" target=&quot;_blank&quot;>\n\t\t\t<div class=\"elementor-post__thumbnail\"><img fetchpriority=\"high\" decoding=\"async\" width=\"768\" height=\"432\" src=\"https:\/\/emaseo.quito.gob.ec\/wp-content\/uploads\/2024\/12\/Fin-de-anio-EMASEO-EP-768x432.jpeg\" class=\"attachment-medium_large size-medium_large wp-image-3376\" alt=\"\" srcset=\"https:\/\/emaseo.quito.gob.ec\/wp-content\/uploads\/2024\/12\/Fin-de-anio-EMASEO-EP-768x432.jpeg 768w, https:\/\/emaseo.quito.gob.ec\/wp-content\/uploads\/2024\/12\/Fin-de-anio-EMASEO-EP-300x169.jpeg 300w, https:\/\/emaseo.quito.gob.ec\/wp-content\/uploads\/2024\/12\/Fin-de-anio-EMASEO-EP-1024x576.jpeg 1024w, https:\/\/emaseo.quito.gob.ec\/wp-content\/uploads\/2024\/12\/Fin-de-anio-EMASEO-EP-1536x864.jpeg 1536w, https:\/\/emaseo.quito.gob.ec\/wp-content\/uploads\/2024\/12\/Fin-de-anio-EMASEO-EP.jpeg 1600w\" sizes=\"(max-width: 768px) 100vw, 768px\" \/><\/div>\n\t\t<\/a>\n\t\t\t\t<div class=\"elementor-post__text\">\n\t\t\t\t<h3 class=\"elementor-post__title\">\n\t\t\t<a href=\"https:\/\/emaseo.quito.gob.ec\/?p=3374\" target=&quot;_blank&quot;>\n\t\t\t\tEMASEO suspende la recolecci\u00f3n nocturna en 42 rutas por cierre de v\u00edas en las festividades de Fin de A\u00f1o\t\t\t<\/a>\n\t\t<\/h3>\n\t\t\t\t<div class=\"elementor-post__meta-data\">\n\t\t\t\t\t<span class=\"elementor-post-date\">\n\t\t\t31 de diciembre de 2024\t\t<\/span>\n\t\t\t\t<span class=\"elementor-post-avatar\">\n\t\t\tNo hay comentarios\t\t<\/span>\n\t\t\t\t<\/div>\n\t\t\t\t<div class=\"elementor-post__excerpt\">\n\t\t\t<p>La Empresa P\u00fablica Metropolitana de Aseo (Emaseo EP) informa a la ciudadan\u00eda que los servicios de limpieza y recolecci\u00f3n se<\/p>\n\t\t<\/div>\n\t\t\n\t\t<a class=\"elementor-post__read-more\" href=\"https:\/\/emaseo.quito.gob.ec\/?p=3374\" aria-label=\"Read more about EMASEO suspende la recolecci\u00f3n nocturna en 42 rutas por cierre de v\u00edas en las festividades de Fin de A\u00f1o\" tabindex=\"-1\" target=\"_blank\">\n\t\t\tSeguir leyendo \u00bb\t\t<\/a>\n\n\t\t\t\t<\/div>\n\t\t\t\t<\/article>\n\t\t\t\t<article class=\"elementor-post elementor-grid-item post-3311 post type-post status-publish format-standard has-post-thumbnail hentry category-sin-categoria\">\n\t\t\t\t<a class=\"elementor-post__thumbnail__link\" href=\"https:\/\/emaseo.quito.gob.ec\/?p=3311\" tabindex=\"-1\" target=&quot;_blank&quot;>\n\t\t\t<div class=\"elementor-post__thumbnail\"><img decoding=\"async\" width=\"768\" height=\"434\" src=\"https:\/\/emaseo.quito.gob.ec\/wp-content\/uploads\/2024\/10\/Tereques_Centro_Historico_2-768x434.jpg\" class=\"attachment-medium_large size-medium_large wp-image-3312\" alt=\"\" srcset=\"https:\/\/emaseo.quito.gob.ec\/wp-content\/uploads\/2024\/10\/Tereques_Centro_Historico_2-768x434.jpg 768w, https:\/\/emaseo.quito.gob.ec\/wp-content\/uploads\/2024\/10\/Tereques_Centro_Historico_2-300x169.jpg 300w, https:\/\/emaseo.quito.gob.ec\/wp-content\/uploads\/2024\/10\/Tereques_Centro_Historico_2-1024x578.jpg 1024w, https:\/\/emaseo.quito.gob.ec\/wp-content\/uploads\/2024\/10\/Tereques_Centro_Historico_2.jpg 1526w\" sizes=\"(max-width: 768px) 100vw, 768px\" \/><\/div>\n\t\t<\/a>\n\t\t\t\t<div class=\"elementor-post__text\">\n\t\t\t\t<h3 class=\"elementor-post__title\">\n\t\t\t<a href=\"https:\/\/emaseo.quito.gob.ec\/?p=3311\" target=&quot;_blank&quot;>\n\t\t\t\t18 toneladas de \u2018tereques\u2019 recolectadas en el Centro Hist\u00f3rico de Quito\t\t\t<\/a>\n\t\t<\/h3>\n\t\t\t\t<div class=\"elementor-post__meta-data\">\n\t\t\t\t\t<span class=\"elementor-post-date\">\n\t\t\t21 de octubre de 2024\t\t<\/span>\n\t\t\t\t<span class=\"elementor-post-avatar\">\n\t\t\tNo hay comentarios\t\t<\/span>\n\t\t\t\t<\/div>\n\t\t\t\t<div class=\"elementor-post__excerpt\">\n\t\t\t<p>Con el objetivo de acercar nuestros servicios a la ciudadan\u00eda, como parte de una pol\u00edtica de la actual administraci\u00f3n, este<\/p>\n\t\t<\/div>\n\t\t\n\t\t<a class=\"elementor-post__read-more\" href=\"https:\/\/emaseo.quito.gob.ec\/?p=3311\" aria-label=\"Read more about 18 toneladas de \u2018tereques\u2019 recolectadas en el Centro Hist\u00f3rico de Quito\" tabindex=\"-1\" target=\"_blank\">\n\t\t\tSeguir leyendo \u00bb\t\t<\/a>\n\n\t\t\t\t<\/div>\n\t\t\t\t<\/article>\n\t\t\t\t<article class=\"elementor-post elementor-grid-item post-3308 post type-post status-publish format-standard has-post-thumbnail hentry category-sin-categoria\">\n\t\t\t\t<a class=\"elementor-post__thumbnail__link\" href=\"https:\/\/emaseo.quito.gob.ec\/?p=3308\" tabindex=\"-1\" target=&quot;_blank&quot;>\n\t\t\t<div class=\"elementor-post__thumbnail\"><img decoding=\"async\" width=\"768\" height=\"429\" src=\"https:\/\/emaseo.quito.gob.ec\/wp-content\/uploads\/2024\/10\/Tereques_en_el_Centro_Historico-768x429.jpg\" class=\"attachment-medium_large size-medium_large wp-image-3309\" alt=\"\" srcset=\"https:\/\/emaseo.quito.gob.ec\/wp-content\/uploads\/2024\/10\/Tereques_en_el_Centro_Historico-768x429.jpg 768w, https:\/\/emaseo.quito.gob.ec\/wp-content\/uploads\/2024\/10\/Tereques_en_el_Centro_Historico-300x168.jpg 300w, https:\/\/emaseo.quito.gob.ec\/wp-content\/uploads\/2024\/10\/Tereques_en_el_Centro_Historico-1024x572.jpg 1024w, https:\/\/emaseo.quito.gob.ec\/wp-content\/uploads\/2024\/10\/Tereques_en_el_Centro_Historico.jpg 1432w\" sizes=\"(max-width: 768px) 100vw, 768px\" \/><\/div>\n\t\t<\/a>\n\t\t\t\t<div class=\"elementor-post__text\">\n\t\t\t\t<h3 class=\"elementor-post__title\">\n\t\t\t<a href=\"https:\/\/emaseo.quito.gob.ec\/?p=3308\" target=&quot;_blank&quot;>\n\t\t\t\tEste domingo es \u2018hist\u00f3rico\u2019 para la recolecci\u00f3n de tereques en el centro\t\t\t<\/a>\n\t\t<\/h3>\n\t\t\t\t<div class=\"elementor-post__meta-data\">\n\t\t\t\t\t<span class=\"elementor-post-date\">\n\t\t\t21 de octubre de 2024\t\t<\/span>\n\t\t\t\t<span class=\"elementor-post-avatar\">\n\t\t\tNo hay comentarios\t\t<\/span>\n\t\t\t\t<\/div>\n\t\t\t\t<div class=\"elementor-post__excerpt\">\n\t\t\t<p>Este 20 de octubre, entre las 07h00 y 12h00, la Empresa P\u00fablica Metropolitana de Aseo (Emaseo EP) llega con el<\/p>\n\t\t<\/div>\n\t\t\n\t\t<a class=\"elementor-post__read-more\" href=\"https:\/\/emaseo.quito.gob.ec\/?p=3308\" aria-label=\"Read more about Este domingo es \u2018hist\u00f3rico\u2019 para la recolecci\u00f3n de tereques en el centro\" tabindex=\"-1\" target=\"_blank\">\n\t\t\tSeguir leyendo \u00bb\t\t<\/a>\n\n\t\t\t\t<\/div>\n\t\t\t\t<\/article>\n\t\t\t\t<article class=\"elementor-post elementor-grid-item post-3296 post type-post status-publish format-standard has-post-thumbnail hentry category-sin-categoria\">\n\t\t\t\t<a class=\"elementor-post__thumbnail__link\" href=\"https:\/\/emaseo.quito.gob.ec\/?p=3296\" tabindex=\"-1\" target=&quot;_blank&quot;>\n\t\t\t<div class=\"elementor-post__thumbnail\"><img loading=\"lazy\" decoding=\"async\" width=\"768\" height=\"504\" src=\"https:\/\/emaseo.quito.gob.ec\/wp-content\/uploads\/2024\/10\/San-Roque_Emaseo-768x504.jpg\" class=\"attachment-medium_large size-medium_large wp-image-3297\" alt=\"\" srcset=\"https:\/\/emaseo.quito.gob.ec\/wp-content\/uploads\/2024\/10\/San-Roque_Emaseo-768x504.jpg 768w, https:\/\/emaseo.quito.gob.ec\/wp-content\/uploads\/2024\/10\/San-Roque_Emaseo-300x197.jpg 300w, https:\/\/emaseo.quito.gob.ec\/wp-content\/uploads\/2024\/10\/San-Roque_Emaseo-1024x673.jpg 1024w, https:\/\/emaseo.quito.gob.ec\/wp-content\/uploads\/2024\/10\/San-Roque_Emaseo.jpg 1498w\" sizes=\"(max-width: 768px) 100vw, 768px\" \/><\/div>\n\t\t<\/a>\n\t\t\t\t<div class=\"elementor-post__text\">\n\t\t\t\t<h3 class=\"elementor-post__title\">\n\t\t\t<a href=\"https:\/\/emaseo.quito.gob.ec\/?p=3296\" target=&quot;_blank&quot;>\n\t\t\t\t\u2018Ferias Inclusivas\u2019 favorecen adhesi\u00f3n de vecinos en los trabajos de limpieza de San Roque\t\t\t<\/a>\n\t\t<\/h3>\n\t\t\t\t<div class=\"elementor-post__meta-data\">\n\t\t\t\t\t<span class=\"elementor-post-date\">\n\t\t\t7 de octubre de 2024\t\t<\/span>\n\t\t\t\t<span class=\"elementor-post-avatar\">\n\t\t\tNo hay comentarios\t\t<\/span>\n\t\t\t\t<\/div>\n\t\t\t\t<div class=\"elementor-post__excerpt\">\n\t\t\t<p>Con el objetivo de promover y fortalecer microempresas o personas jur\u00eddicas, con \u00e9nfasis en la participaci\u00f3n comunitaria, y para cumplir<\/p>\n\t\t<\/div>\n\t\t\n\t\t<a class=\"elementor-post__read-more\" href=\"https:\/\/emaseo.quito.gob.ec\/?p=3296\" aria-label=\"Read more about \u2018Ferias Inclusivas\u2019 favorecen adhesi\u00f3n de vecinos en los trabajos de limpieza de San Roque\" tabindex=\"-1\" target=\"_blank\">\n\t\t\tSeguir leyendo \u00bb\t\t<\/a>\n\n\t\t\t\t<\/div>\n\t\t\t\t<\/article>\n\t\t\t\t<article class=\"elementor-post elementor-grid-item post-3304 post type-post status-publish format-standard has-post-thumbnail hentry category-sin-categoria\">\n\t\t\t\t<a class=\"elementor-post__thumbnail__link\" href=\"https:\/\/emaseo.quito.gob.ec\/?p=3304\" tabindex=\"-1\" target=&quot;_blank&quot;>\n\t\t\t<div class=\"elementor-post__thumbnail\"><img loading=\"lazy\" decoding=\"async\" width=\"768\" height=\"432\" src=\"https:\/\/emaseo.quito.gob.ec\/wp-content\/uploads\/2024\/10\/Tereques_sur-768x432.jpeg\" class=\"attachment-medium_large size-medium_large wp-image-3305\" alt=\"\" srcset=\"https:\/\/emaseo.quito.gob.ec\/wp-content\/uploads\/2024\/10\/Tereques_sur-768x432.jpeg 768w, https:\/\/emaseo.quito.gob.ec\/wp-content\/uploads\/2024\/10\/Tereques_sur-300x169.jpeg 300w, https:\/\/emaseo.quito.gob.ec\/wp-content\/uploads\/2024\/10\/Tereques_sur-1024x576.jpeg 1024w, https:\/\/emaseo.quito.gob.ec\/wp-content\/uploads\/2024\/10\/Tereques_sur.jpeg 1280w\" sizes=\"(max-width: 768px) 100vw, 768px\" \/><\/div>\n\t\t<\/a>\n\t\t\t\t<div class=\"elementor-post__text\">\n\t\t\t\t<h3 class=\"elementor-post__title\">\n\t\t\t<a href=\"https:\/\/emaseo.quito.gob.ec\/?p=3304\" target=&quot;_blank&quot;>\n\t\t\t\t16 toneladas de \u2018tereques\u2019 recogidas en Orqu\u00eddeas y Jard\u00edn del Valle\t\t\t<\/a>\n\t\t<\/h3>\n\t\t\t\t<div class=\"elementor-post__meta-data\">\n\t\t\t\t\t<span class=\"elementor-post-date\">\n\t\t\t1 de octubre de 2024\t\t<\/span>\n\t\t\t\t<span class=\"elementor-post-avatar\">\n\t\t\tNo hay comentarios\t\t<\/span>\n\t\t\t\t<\/div>\n\t\t\t\t<div class=\"elementor-post__excerpt\">\n\t\t\t<p>En un trabajo coordinado entre dirigentes, moradores de los barrios Orqu\u00eddeas y Jard\u00edn del Valle (sector Monjas) y personal de<\/p>\n\t\t<\/div>\n\t\t\n\t\t<a class=\"elementor-post__read-more\" href=\"https:\/\/emaseo.quito.gob.ec\/?p=3304\" aria-label=\"Read more about 16 toneladas de \u2018tereques\u2019 recogidas en Orqu\u00eddeas y Jard\u00edn del Valle\" tabindex=\"-1\" target=\"_blank\">\n\t\t\tSeguir leyendo \u00bb\t\t<\/a>\n\n\t\t\t\t<\/div>\n\t\t\t\t<\/article>\n\t\t\t\t<article class=\"elementor-post elementor-grid-item post-3301 post type-post status-publish format-standard has-post-thumbnail hentry category-sin-categoria\">\n\t\t\t\t<a class=\"elementor-post__thumbnail__link\" href=\"https:\/\/emaseo.quito.gob.ec\/?p=3301\" tabindex=\"-1\" target=&quot;_blank&quot;>\n\t\t\t<div class=\"elementor-post__thumbnail\"><img loading=\"lazy\" decoding=\"async\" width=\"768\" height=\"341\" src=\"https:\/\/emaseo.quito.gob.ec\/wp-content\/uploads\/2024\/10\/Limpieza_puntos_Criticos_Emaseo-768x341.jpg\" class=\"attachment-medium_large size-medium_large wp-image-3302\" alt=\"\" srcset=\"https:\/\/emaseo.quito.gob.ec\/wp-content\/uploads\/2024\/10\/Limpieza_puntos_Criticos_Emaseo-768x341.jpg 768w, https:\/\/emaseo.quito.gob.ec\/wp-content\/uploads\/2024\/10\/Limpieza_puntos_Criticos_Emaseo-300x133.jpg 300w, https:\/\/emaseo.quito.gob.ec\/wp-content\/uploads\/2024\/10\/Limpieza_puntos_Criticos_Emaseo-1024x455.jpg 1024w, https:\/\/emaseo.quito.gob.ec\/wp-content\/uploads\/2024\/10\/Limpieza_puntos_Criticos_Emaseo.jpg 1508w\" sizes=\"(max-width: 768px) 100vw, 768px\" \/><\/div>\n\t\t<\/a>\n\t\t\t\t<div class=\"elementor-post__text\">\n\t\t\t\t<h3 class=\"elementor-post__title\">\n\t\t\t<a href=\"https:\/\/emaseo.quito.gob.ec\/?p=3301\" target=&quot;_blank&quot;>\n\t\t\t\tEmaseo cumple con labores de recolecci\u00f3n y limpieza en puntos cr\u00edticos por incendios en Quito\t\t\t<\/a>\n\t\t<\/h3>\n\t\t\t\t<div class=\"elementor-post__meta-data\">\n\t\t\t\t\t<span class=\"elementor-post-date\">\n\t\t\t25 de septiembre de 2024\t\t<\/span>\n\t\t\t\t<span class=\"elementor-post-avatar\">\n\t\t\tNo hay comentarios\t\t<\/span>\n\t\t\t\t<\/div>\n\t\t\t\t<div class=\"elementor-post__excerpt\">\n\t\t\t<p>Tras los incendios desatados en Quito, especialmente en puntos cr\u00edticos con presencia de vivienda como Conquistadores, Gu\u00e1pulo y Bellavista, personal<\/p>\n\t\t<\/div>\n\t\t\n\t\t<a class=\"elementor-post__read-more\" href=\"https:\/\/emaseo.quito.gob.ec\/?p=3301\" aria-label=\"Read more about Emaseo cumple con labores de recolecci\u00f3n y limpieza en puntos cr\u00edticos por incendios en Quito\" tabindex=\"-1\" target=\"_blank\">\n\t\t\tSeguir leyendo \u00bb\t\t<\/a>\n\n\t\t\t\t<\/div>\n\t\t\t\t<\/article>\n\t\t\t\t<\/div>\n\t\t\n\t\t\t\t<\/div>\n\t\t\t\t<\/div>\n\t\t\t\t\t<\/div>\n\t\t\t\t<\/div>\n\t\t\t\t<\/div>\n\t\t","protected":false},"excerpt":{"rendered":"","protected":false},"author":1,"featured_media":0,"parent":0,"menu_order":0,"comment_status":"closed","ping_status":"closed","template":"elementor_theme","meta":{"site-sidebar-layout":"default","site-content-layout":"","ast-site-content-layout":"","site-content-style":"default","site-sidebar-style":"default","ast-global-header-display":"","ast-banner-title-visibility":"","ast-main-header-display":"","ast-hfb-above-header-display":"","ast-hfb-below-header-display":"","ast-hfb-mobile-header-display":"","site-post-title":"","ast-breadcrumbs-content":"","ast-featured-img":"","footer-sml-layout":"","theme-transparent-header-meta":"","adv-header-id-meta":"","stick-header-meta":"","header-above-stick-meta":"","header-main-stick-meta":"","header-below-stick-meta":"","astra-migrate-meta-layouts":"default","ast-page-background-enabled":"default","ast-page-background-meta":{"desktop":{"background-color":"var(--ast-global-color-4)","background-image":"","background-repeat":"repeat","background-position":"center center","background-size":"auto","background-attachment":"scroll","background-type":"","background-media":"","overlay-type":"","overlay-color":"","overlay-opacity":"","overlay-gradient":""},"tablet":{"background-color":"","background-image":"","background-repeat":"repeat","background-position":"center center","background-size":"auto","background-attachment":"scroll","background-type":"","background-media":"","overlay-type":"","overlay-color":"","overlay-opacity":"","overlay-gradient":""},"mobile":{"background-color":"","background-image":"","background-repeat":"repeat","background-position":"center center","background-size":"auto","background-attachment":"scroll","background-type":"","background-media":"","overlay-type":"","overlay-color":"","overlay-opacity":"","overlay-gradient":""}},"ast-content-background-meta":{"desktop":{"background-color":"var(--ast-global-color-5)","background-image":"","background-repeat":"repeat","background-position":"center center","background-size":"auto","background-attachment":"scroll","background-type":"","background-media":"","overlay-type":"","overlay-color":"","overlay-opacity":"","overlay-gradient":""},"tablet":{"background-color":"var(--ast-global-color-5)","background-image":"","background-repeat":"repeat","background-position":"center center","background-size":"auto","background-attachment":"scroll","background-type":"","background-media":"","overlay-type":"","overlay-color":"","overlay-opacity":"","overlay-gradient":""},"mobile":{"background-color":"var(--ast-global-color-5)","background-image":"","background-repeat":"repeat","background-position":"center center","background-size":"auto","background-attachment":"scroll","background-type":"","background-media":"","overlay-type":"","overlay-color":"","overlay-opacity":"","overlay-gradient":""}},"footnotes":""},"class_list":["post-3115","page","type-page","status-publish","hentry"],"yoast_head":"<!-- This site is optimized with the Yoast SEO plugin v23.1 - https:\/\/yoast.com\/wordpress\/plugins\/seo\/ -->\n<title>Noticias - EMASEO EP<\/title>\n<meta name=\"robots\" content=\"index, follow, max-snippet:-1, max-image-preview:large, max-video-preview:-1\" \/>\n<link rel=\"canonical\" href=\"https:\/\/emaseo.quito.gob.ec\/?page_id=3115\" \/>\n<meta property=\"og:locale\" content=\"es_ES\" \/>\n<meta property=\"og:type\" content=\"article\" \/>\n<meta property=\"og:title\" content=\"Noticias - EMASEO EP\" \/>\n<meta property=\"og:url\" content=\"https:\/\/emaseo.quito.gob.ec\/?page_id=3115\" \/>\n<meta property=\"og:site_name\" content=\"EMASEO EP\" \/>\n<meta property=\"article:modified_time\" content=\"2024-08-30T02:46:44+00:00\" \/>\n<meta name=\"twitter:card\" content=\"summary_large_image\" \/>\n<meta name=\"twitter:label1\" content=\"Tiempo de lectura\" \/>\n\t<meta name=\"twitter:data1\" content=\"5 minutos\" \/>\n<script type=\"application\/ld+json\" class=\"yoast-schema-graph\">{\"@context\":\"https:\/\/schema.org\",\"@graph\":[{\"@type\":\"WebPage\",\"@id\":\"https:\/\/emaseo.quito.gob.ec\/?page_id=3115\",\"url\":\"https:\/\/emaseo.quito.gob.ec\/?page_id=3115\",\"name\":\"Noticias - EMASEO EP\",\"isPartOf\":{\"@id\":\"https:\/\/emaseo.quito.gob.ec\/#website\"},\"datePublished\":\"2024-08-30T02:41:16+00:00\",\"dateModified\":\"2024-08-30T02:46:44+00:00\",\"breadcrumb\":{\"@id\":\"https:\/\/emaseo.quito.gob.ec\/?page_id=3115#breadcrumb\"},\"inLanguage\":\"es\",\"potentialAction\":[{\"@type\":\"ReadAction\",\"target\":[\"https:\/\/emaseo.quito.gob.ec\/?page_id=3115\"]}]},{\"@type\":\"BreadcrumbList\",\"@id\":\"https:\/\/emaseo.quito.gob.ec\/?page_id=3115#breadcrumb\",\"itemListElement\":[{\"@type\":\"ListItem\",\"position\":1,\"name\":\"Portada\",\"item\":\"https:\/\/emaseo.quito.gob.ec\/\"},{\"@type\":\"ListItem\",\"position\":2,\"name\":\"Noticias\"}]},{\"@type\":\"WebSite\",\"@id\":\"https:\/\/emaseo.quito.gob.ec\/#website\",\"url\":\"https:\/\/emaseo.quito.gob.ec\/\",\"name\":\"EMASEO EP\",\"description\":\"\",\"potentialAction\":[{\"@type\":\"SearchAction\",\"target\":{\"@type\":\"EntryPoint\",\"urlTemplate\":\"https:\/\/emaseo.quito.gob.ec\/?s={search_term_string}\"},\"query-input\":\"required name=search_term_string\"}],\"inLanguage\":\"es\"}]}<\/script>\n<!-- \/ Yoast SEO plugin. -->","yoast_head_json":{"title":"Noticias - EMASEO EP","robots":{"index":"index","follow":"follow","max-snippet":"max-snippet:-1","max-image-preview":"max-image-preview:large","max-video-preview":"max-video-preview:-1"},"canonical":"https:\/\/emaseo.quito.gob.ec\/?page_id=3115","og_locale":"es_ES","og_type":"article","og_title":"Noticias - EMASEO EP","og_url":"https:\/\/emaseo.quito.gob.ec\/?page_id=3115","og_site_name":"EMASEO EP","article_modified_time":"2024-08-30T02:46:44+00:00","twitter_card":"summary_large_image","twitter_misc":{"Tiempo de lectura":"5 minutos"},"schema":{"@context":"https:\/\/schema.org","@graph":[{"@type":"WebPage","@id":"https:\/\/emaseo.quito.gob.ec\/?page_id=3115","url":"https:\/\/emaseo.quito.gob.ec\/?page_id=3115","name":"Noticias - EMASEO EP","isPartOf":{"@id":"https:\/\/emaseo.quito.gob.ec\/#website"},"datePublished":"2024-08-30T02:41:16+00:00","dateModified":"2024-08-30T02:46:44+00:00","breadcrumb":{"@id":"https:\/\/emaseo.quito.gob.ec\/?page_id=3115#breadcrumb"},"inLanguage":"es","potentialAction":[{"@type":"ReadAction","target":["https:\/\/emaseo.quito.gob.ec\/?page_id=3115"]}]},{"@type":"BreadcrumbList","@id":"https:\/\/emaseo.quito.gob.ec\/?page_id=3115#breadcrumb","itemListElement":[{"@type":"ListItem","position":1,"name":"Portada","item":"https:\/\/emaseo.quito.gob.ec\/"},{"@type":"ListItem","position":2,"name":"Noticias"}]},{"@type":"WebSite","@id":"https:\/\/emaseo.quito.gob.ec\/#website","url":"https:\/\/emaseo.quito.gob.ec\/","name":"EMASEO EP","description":"","potentialAction":[{"@type":"SearchAction","target":{"@type":"EntryPoint","urlTemplate":"https:\/\/emaseo.quito.gob.ec\/?s={search_term_string}"},"query-input":"required name=search_term_string"}],"inLanguage":"es"}]}},"_links":{"self":[{"href":"https:\/\/emaseo.quito.gob.ec\/index.php?rest_route=\/wp\/v2\/pages\/3115","targetHints":{"allow":["GET"]}}],"collection":[{"href":"https:\/\/emaseo.quito.gob.ec\/index.php?rest_route=\/wp\/v2\/pages"}],"about":[{"href":"https:\/\/emaseo.quito.gob.ec\/index.php?rest_route=\/wp\/v2\/types\/page"}],"author":[{"embeddable":true,"href":"https:\/\/emaseo.quito.gob.ec\/index.php?rest_route=\/wp\/v2\/users\/1"}],"replies":[{"embeddable":true,"href":"https:\/\/emaseo.quito.gob.ec\/index.php?rest_route=%2Fwp%2Fv2%2Fcomments&post=3115"}],"version-history":[{"count":22,"href":"https:\/\/emaseo.quito.gob.ec\/index.php?rest_route=\/wp\/v2\/pages\/3115\/revisions"}],"predecessor-version":[{"id":3138,"href":"https:\/\/emaseo.quito.gob.ec\/index.php?rest_route=\/wp\/v2\/pages\/3115\/revisions\/3138"}],"wp:attachment":[{"href":"https:\/\/emaseo.quito.gob.ec\/index.php?rest_route=%2Fwp%2Fv2%2Fmedia&parent=3115"}],"curies":[{"name":"wp","href":"https:\/\/api.w.org\/{rel}","templated":true}]}}